{"id":194,"date":"2011-12-17T20:22:13","date_gmt":"2011-12-17T19:22:13","guid":{"rendered":"http:\/\/noble.oobe.pl\/index.php"},"modified":"2013-06-27T14:25:31","modified_gmt":"2013-06-27T13:25:31","slug":"kurs","status":"publish","type":"page","link":"http:\/\/purplecat.oobe.pl\/index.php\/kurs","title":{"rendered":"KURS OOBE"},"content":{"rendered":"<p><img decoding=\"async\" class=\"alignnone size-large wp-image-196\" title=\"up2\" alt=\"\" src=\"http:\/\/purplecat.oobe.pl\/wp-content\/uploads\/2012\/02\/kurs.png\" width=200 \/><\/p>\n<h1>Oto i jest. D\u0142ugo oczekwany:<\/h1>\n<h1>Internetowy <strong>Kurs OOBE Unlimited Possibilities<\/strong><\/h1>\n<p><a href=\"http:\/\/www.oobe.pl\/kurs\"><\/p>\n<h1>Aby si\u0119 Zapisa\u0107 Kliknij Tutaj<\/h1>\n<p><\/a><\/p>\n","protected":false},"excerpt":{"rendered":"<p>Oto i jest. D\u0142ugo oczekwany: Internetowy Kurs OOBE Unlimited Possibilities Aby si\u0119 Zapisa\u0107 Kliknij Tutaj<\/p>\n","protected":false},"author":2,"featured_media":0,"parent":0,"menu_order":0,"comment_status":"open","ping_status":"open","template":"","meta":{"footnotes":""},"class_list":["post-194","page","type-page","status-publish","hentry"],"_links":{"self":[{"href":"http:\/\/purplecat.oobe.pl\/index.php\/wp-json\/wp\/v2\/pages\/194","targetHints":{"allow":["GET"]}}],"collection":[{"href":"http:\/\/purplecat.oobe.pl\/index.php\/wp-json\/wp\/v2\/pages"}],"about":[{"href":"http:\/\/purplecat.oobe.pl\/index.php\/wp-json\/wp\/v2\/types\/page"}],"author":[{"embeddable":true,"href":"http:\/\/purplecat.oobe.pl\/index.php\/wp-json\/wp\/v2\/users\/2"}],"replies":[{"embeddable":true,"href":"http:\/\/purplecat.oobe.pl\/index.php\/wp-json\/wp\/v2\/comments?post=194"}],"version-history":[{"count":39,"href":"http:\/\/purplecat.oobe.pl\/index.php\/wp-json\/wp\/v2\/pages\/194\/revisions"}],"predecessor-version":[{"id":1027,"href":"http:\/\/purplecat.oobe.pl\/index.php\/wp-json\/wp\/v2\/pages\/194\/revisions\/1027"}],"wp:attachment":[{"href":"http:\/\/purplecat.oobe.pl\/index.php\/wp-json\/wp\/v2\/media?parent=194"}],"curies":[{"name":"wp","href":"https:\/\/api.w.org\/{rel}","templated":true}]}}